{"id":468,"date":"2019-06-05T09:23:59","date_gmt":"2019-06-05T09:23:59","guid":{"rendered":"https:\/\/b943kop.myraidbox.de\/?page_id=468"},"modified":"2025-02-13T08:43:11","modified_gmt":"2025-02-13T08:43:11","slug":"impressum","status":"publish","type":"page","link":"https:\/\/www.spark-radiance.eu\/de\/impressum\/","title":{"rendered":"Impressum"},"content":{"rendered":"\t\t<div data-elementor-type=\"wp-post\" data-elementor-id=\"468\" class=\"elementor elementor-468\" data-elementor-post-type=\"page\">\n\t\t\t\t\t\t<section class=\"elementor-section elementor-top-section elementor-element elementor-element-da21a3a elementor-section-content-middle elementor-section-full_width elementor-section-height-default elementor-section-height-default\" data-id=\"da21a3a\" data-element_type=\"section\" data-e-type=\"section\" data-settings=\"{&quot;sticky&quot;:&quot;top&quot;,&quot;background_background&quot;:&quot;classic&quot;,&quot;sticky_on&quot;:[&quot;desktop&quot;,&quot;tablet&quot;,&quot;mobile&quot;],&quot;sticky_offset&quot;:0,&quot;sticky_effects_offset&quot;:0,&quot;sticky_anchor_link_offset&quot;:0}\">\n\t\t\t\t\t\t<div class=\"elementor-container elementor-column-gap-default\">\n\t\t\t\t\t<div class=\"elementor-column elementor-col-50 elementor-top-column elementor-element elementor-element-6ac41aa\" data-id=\"6ac41aa\" data-element_type=\"column\" data-e-type=\"column\">\n\t\t\t<div class=\"elementor-widget-wrap\">\n\t\t\t\t\t\t\t<\/div>\n\t\t<\/div>\n\t\t\t\t<div class=\"elementor-column elementor-col-50 elementor-top-column elementor-element elementor-element-ac47c60\" data-id=\"ac47c60\" data-element_type=\"column\" data-e-type=\"column\">\n\t\t\t<div class=\"elementor-widget-wrap\">\n\t\t\t\t\t\t\t<\/div>\n\t\t<\/div>\n\t\t\t\t\t<\/div>\n\t\t<\/section>\n\t\t\t\t<section class=\"elementor-section elementor-top-section elementor-element elementor-element-7daab08 elementor-section-boxed elementor-section-height-default elementor-section-height-default\" data-id=\"7daab08\" data-element_type=\"section\" data-e-type=\"section\">\n\t\t\t\t\t\t<div class=\"elementor-container elementor-column-gap-default\">\n\t\t\t\t\t<div class=\"elementor-column elementor-col-100 elementor-top-column elementor-element elementor-element-670e5f6\" data-id=\"670e5f6\" data-element_type=\"column\" data-e-type=\"column\">\n\t\t\t<div class=\"elementor-widget-wrap elementor-element-populated\">\n\t\t\t\t\t\t<div class=\"elementor-element elementor-element-af06b56 elementor-widget elementor-widget-text-editor\" data-id=\"af06b56\" data-element_type=\"widget\" data-e-type=\"widget\" data-widget_type=\"text-editor.default\">\n\t\t\t\t<div class=\"elementor-widget-container\">\n\t\t\t\t\t\t\t\t\t<h4 class=\"bodytext\"><strong>Verantwortlich f\u00fcr<br \/>diese Seite ist Spark Radiance GmbH<\/strong><\/h4><h5><b><br \/><\/b><strong>Name und Anschrift:<\/strong><\/h5><p>Spark Radiance GmbH<br \/>Hans-G\u00fcntner-Stra\u00dfe 2-6<br \/>82256 F\u00fcrstenfeldbruck<\/p><p class=\"bodytext\">Telefon: +49 8141 242-400<br \/>E-Mail:\u00a0<a class=\"mail\" title=\"Opens window for sending email\" href=\"mailto:info@spark-radiance.eu\">info@spark-radiance.eu<\/a><\/p><h5 class=\"bodytext\"><strong>Sitz der Gesellschaft :<\/strong><\/h5><p class=\"bodytext\">F\u00fcrstenfeldbruck<br \/>Handelsregisternummer: HRB 245816<br \/>Umsatzsteueridentifikationsnummer: DE322139861<br \/>Gesch\u00e4ftsf\u00fchrer: Michael Freiherr<\/p><h4 class=\"bodytext\"><strong>Zus\u00e4tzliche Verantwortung<br \/>Firma S.C. Spark Radiance S.R.L<\/strong><\/h4><h5>\u00a0<\/h5><h5><strong>Name und Anschrift:<\/strong><\/h5><p>S.C. Spark Radiance S.R.L<br \/>\u0218elimb\u0103rului Street, no. 20, Cisn\u0103die,<br \/>Sibiu County, Rum\u00e4nien<\/p><p>E-Mail:\u00a0<a class=\"mail\" title=\"Opens window for sending email\" href=\"mailto:office@spark-radiance.com\">office@spark-radiance.com<\/a><\/p><h5 class=\"bodytext\"><strong>Sitz der Gesellschaft :<\/strong><\/h5><p>Cisn\u0103die, Sibiu County, Rum\u00e4nien<br \/>Unternehmen Registrierungsnummer: J32\/459\/2018<br \/>Rum\u00e4nien VAT Identifikationsnummer: RO39140190Ha<\/p>\t\t\t\t\t\t\t\t<\/div>\n\t\t\t\t<\/div>\n\t\t\t\t\t<\/div>\n\t\t<\/div>\n\t\t\t\t\t<\/div>\n\t\t<\/section>\n\t\t\t\t<section class=\"elementor-section elementor-top-section elementor-element elementor-element-a6f5b07 elementor-section-boxed elementor-section-height-default elementor-section-height-default\" data-id=\"a6f5b07\" data-element_type=\"section\" data-e-type=\"section\" data-settings=\"{&quot;background_background&quot;:&quot;classic&quot;}\">\n\t\t\t\t\t\t<div class=\"elementor-container elementor-column-gap-default\">\n\t\t\t\t\t<div class=\"elementor-column elementor-col-33 elementor-top-column elementor-element elementor-element-efb2efb\" data-id=\"efb2efb\" data-element_type=\"column\" data-e-type=\"column\">\n\t\t\t<div class=\"elementor-widget-wrap elementor-element-populated\">\n\t\t\t\t\t\t<div class=\"elementor-element elementor-element-c9ade15 elementor-widget elementor-widget-text-editor\" data-id=\"c9ade15\" data-element_type=\"widget\" data-e-type=\"widget\" data-widget_type=\"text-editor.default\">\n\t\t\t\t<div class=\"elementor-widget-container\">\n\t\t\t\t\t\t\t\t\t<p><img decoding=\"async\" class=\"alignnone size-full wp-image-2599\" src=\"https:\/\/www.spark-radiance.eu\/wp-content\/uploads\/2019\/12\/Spark_Radiance_White_AI_2.svg\" alt=\"\" \/><\/p>\t\t\t\t\t\t\t\t<\/div>\n\t\t\t\t<\/div>\n\t\t\t\t\t<\/div>\n\t\t<\/div>\n\t\t\t\t<div class=\"elementor-column elementor-col-33 elementor-top-column elementor-element elementor-element-712282a\" data-id=\"712282a\" data-element_type=\"column\" data-e-type=\"column\">\n\t\t\t<div class=\"elementor-widget-wrap\">\n\t\t\t\t\t\t\t<\/div>\n\t\t<\/div>\n\t\t\t\t<div class=\"elementor-column elementor-col-33 elementor-top-column elementor-element elementor-element-2e35150\" data-id=\"2e35150\" data-element_type=\"column\" data-e-type=\"column\">\n\t\t\t<div class=\"elementor-widget-wrap\">\n\t\t\t\t\t\t\t<\/div>\n\t\t<\/div>\n\t\t\t\t\t<\/div>\n\t\t<\/section>\n\t\t\t\t<section class=\"elementor-section elementor-top-section elementor-element elementor-element-47a1b18 elementor-section-height-min-height elementor-section-content-middle elementor-section-boxed elementor-section-height-default elementor-section-items-middle\" data-id=\"47a1b18\" data-element_type=\"section\" data-e-type=\"section\" data-settings=\"{&quot;background_background&quot;:&quot;classic&quot;}\">\n\t\t\t\t\t\t<div class=\"elementor-container elementor-column-gap-default\">\n\t\t\t\t\t<div class=\"elementor-column elementor-col-50 elementor-top-column elementor-element elementor-element-7bb30a9\" data-id=\"7bb30a9\" data-element_type=\"column\" data-e-type=\"column\">\n\t\t\t<div class=\"elementor-widget-wrap elementor-element-populated\">\n\t\t\t\t\t\t<div class=\"elementor-element elementor-element-045f967 elementor-widget elementor-widget-heading\" data-id=\"045f967\" data-element_type=\"widget\" data-e-type=\"widget\" data-widget_type=\"heading.default\">\n\t\t\t\t<div class=\"elementor-widget-container\">\n\t\t\t\t\t<div class=\"elementor-heading-title elementor-size-default\">\u00a9 All rights reserved<\/div>\t\t\t\t<\/div>\n\t\t\t\t<\/div>\n\t\t\t\t\t<\/div>\n\t\t<\/div>\n\t\t\t\t<div class=\"elementor-column elementor-col-50 elementor-top-column elementor-element elementor-element-13fb3ad\" data-id=\"13fb3ad\" data-element_type=\"column\" data-e-type=\"column\">\n\t\t\t<div class=\"elementor-widget-wrap\">\n\t\t\t\t\t\t\t<\/div>\n\t\t<\/div>\n\t\t\t\t<div class=\"elementor-column elementor-col-100 elementor-top-column elementor-element elementor-element-9c22f51\" data-id=\"9c22f51\" data-element_type=\"column\" data-e-type=\"column\">\n\t\t\t<div class=\"elementor-widget-wrap elementor-element-populated\">\n\t\t\t\t\t\t<div class=\"elementor-element elementor-element-916edc3 elementor-widget elementor-widget-heading\" data-id=\"916edc3\" data-element_type=\"widget\" data-e-type=\"widget\" data-widget_type=\"heading.default\">\n\t\t\t\t<div class=\"elementor-widget-container\">\n\t\t\t\t\t<div class=\"elementor-heading-title elementor-size-default\"><a href=\"https:\/\/www.spark-radiance.eu\/privacy-policy\/\" target=\"_blank\">Privacy Policy<\/a><\/div>\t\t\t\t<\/div>\n\t\t\t\t<\/div>\n\t\t\t\t<div class=\"elementor-element elementor-element-370a987 elementor-widget elementor-widget-heading\" data-id=\"370a987\" data-element_type=\"widget\" data-e-type=\"widget\" data-widget_type=\"heading.default\">\n\t\t\t\t<div class=\"elementor-widget-container\">\n\t\t\t\t\t<div class=\"elementor-heading-title elementor-size-default\"><a href=\"https:\/\/www.spark-radiance.eu\/impressum\/\" target=\"_blank\">Impressum<\/a><\/div>\t\t\t\t<\/div>\n\t\t\t\t<\/div>\n\t\t\t\t\t<\/div>\n\t\t<\/div>\n\t\t\t\t\t<\/div>\n\t\t<\/section>\n\t\t\t\t<\/div>\n\t\t","protected":false},"excerpt":{"rendered":"<p>Verantwortlich f\u00fcrdiese Seite ist Spark Radiance GmbH Name und Anschrift: Spark Radiance GmbHHans-G\u00fcntner-Stra\u00dfe 2-682256 F\u00fcrstenfeldbruck Telefon: +49 8141 242-400E-Mail:\u00a0info@spark-radiance.eu Sitz der Gesellschaft : F\u00fcrstenfeldbruckHandelsregisternummer: HRB 245816Umsatzsteueridentifikationsnummer: DE322139861Gesch\u00e4ftsf\u00fchrer: Michael Freiherr Zus\u00e4tzliche VerantwortungFirma S.C. Spark Radiance S.R.L \u00a0 Name und Anschrift: S.C. Spark Radiance S.R.L\u0218elimb\u0103rului Street, no. 20, Cisn\u0103die,Sibiu County, Rum\u00e4nien E-Mail:\u00a0office@spark-radiance.com Sitz der Gesellschaft : Cisn\u0103die, [&hellip;]<\/p>\n","protected":false},"author":1,"featured_media":0,"parent":0,"menu_order":98,"comment_status":"closed","ping_status":"closed","template":"","meta":{"footnotes":""},"class_list":["post-468","page","type-page","status-publish","hentry"],"yoast_head":"<!-- This site is optimized with the Yoast SEO plugin v24.9 - https:\/\/yoast.com\/wordpress\/plugins\/seo\/ -->\n<title>Impressum - Spark Radiance<\/title>\n<meta name=\"robots\" content=\"index, follow, max-snippet:-1, max-image-preview:large, max-video-preview:-1\" \/>\n<link rel=\"canonical\" href=\"https:\/\/www.spark-radiance.eu\/de\/impressum\/\" \/>\n<meta property=\"og:locale\" content=\"de_DE\" \/>\n<meta property=\"og:type\" content=\"article\" \/>\n<meta property=\"og:title\" content=\"Impressum - Spark Radiance\" \/>\n<meta property=\"og:description\" content=\"Verantwortlich f\u00fcrdiese Seite ist Spark Radiance GmbH Name und Anschrift: Spark Radiance GmbHHans-G\u00fcntner-Stra\u00dfe 2-682256 F\u00fcrstenfeldbruck Telefon: +49 8141 242-400E-Mail:\u00a0info@spark-radiance.eu Sitz der Gesellschaft : F\u00fcrstenfeldbruckHandelsregisternummer: HRB 245816Umsatzsteueridentifikationsnummer: DE322139861Gesch\u00e4ftsf\u00fchrer: Michael Freiherr Zus\u00e4tzliche VerantwortungFirma S.C. Spark Radiance S.R.L \u00a0 Name und Anschrift: S.C. Spark Radiance S.R.L\u0218elimb\u0103rului Street, no. 20, Cisn\u0103die,Sibiu County, Rum\u00e4nien E-Mail:\u00a0office@spark-radiance.com Sitz der Gesellschaft : Cisn\u0103die, [&hellip;]\" \/>\n<meta property=\"og:url\" content=\"https:\/\/www.spark-radiance.eu\/de\/impressum\/\" \/>\n<meta property=\"og:site_name\" content=\"Spark Radiance\" \/>\n<meta property=\"article:modified_time\" content=\"2025-02-13T08:43:11+00:00\" \/>\n<meta name=\"twitter:card\" content=\"summary_large_image\" \/>\n<meta name=\"twitter:label1\" content=\"Gesch\u00e4tzte Lesezeit\" \/>\n\t<meta name=\"twitter:data1\" content=\"1\u00a0Minute\" \/>\n<script type=\"application\/ld+json\" class=\"yoast-schema-graph\">{\"@context\":\"https:\/\/schema.org\",\"@graph\":[{\"@type\":\"WebPage\",\"@id\":\"https:\/\/www.spark-radiance.eu\/de\/impressum\/\",\"url\":\"https:\/\/www.spark-radiance.eu\/de\/impressum\/\",\"name\":\"Impressum - Spark Radiance\",\"isPartOf\":{\"@id\":\"https:\/\/www.spark-radiance.eu\/de\/#website\"},\"primaryImageOfPage\":{\"@id\":\"https:\/\/www.spark-radiance.eu\/de\/impressum\/#primaryimage\"},\"image\":{\"@id\":\"https:\/\/www.spark-radiance.eu\/de\/impressum\/#primaryimage\"},\"thumbnailUrl\":\"https:\/\/www.spark-radiance.eu\/wp-content\/uploads\/2019\/12\/Spark_Radiance_White_AI_2.svg\",\"datePublished\":\"2019-06-05T09:23:59+00:00\",\"dateModified\":\"2025-02-13T08:43:11+00:00\",\"breadcrumb\":{\"@id\":\"https:\/\/www.spark-radiance.eu\/de\/impressum\/#breadcrumb\"},\"inLanguage\":\"de\",\"potentialAction\":[{\"@type\":\"ReadAction\",\"target\":[\"https:\/\/www.spark-radiance.eu\/de\/impressum\/\"]}]},{\"@type\":\"ImageObject\",\"inLanguage\":\"de\",\"@id\":\"https:\/\/www.spark-radiance.eu\/de\/impressum\/#primaryimage\",\"url\":\"https:\/\/www.spark-radiance.eu\/wp-content\/uploads\/2019\/12\/Spark_Radiance_White_AI_2.svg\",\"contentUrl\":\"https:\/\/www.spark-radiance.eu\/wp-content\/uploads\/2019\/12\/Spark_Radiance_White_AI_2.svg\"},{\"@type\":\"BreadcrumbList\",\"@id\":\"https:\/\/www.spark-radiance.eu\/de\/impressum\/#breadcrumb\",\"itemListElement\":[{\"@type\":\"ListItem\",\"position\":1,\"name\":\"Startseite\",\"item\":\"https:\/\/www.spark-radiance.eu\/\"},{\"@type\":\"ListItem\",\"position\":2,\"name\":\"Impressum\"}]},{\"@type\":\"WebSite\",\"@id\":\"https:\/\/www.spark-radiance.eu\/de\/#website\",\"url\":\"https:\/\/www.spark-radiance.eu\/de\/\",\"name\":\"Spark Radiance\",\"description\":\"Digitale Innovationsschmiede der G\u00fcntner Gruppe\",\"publisher\":{\"@id\":\"https:\/\/www.spark-radiance.eu\/de\/#organization\"},\"potentialAction\":[{\"@type\":\"SearchAction\",\"target\":{\"@type\":\"EntryPoint\",\"urlTemplate\":\"https:\/\/www.spark-radiance.eu\/de\/?s={search_term_string}\"},\"query-input\":{\"@type\":\"PropertyValueSpecification\",\"valueRequired\":true,\"valueName\":\"search_term_string\"}}],\"inLanguage\":\"de\"},{\"@type\":\"Organization\",\"@id\":\"https:\/\/www.spark-radiance.eu\/de\/#organization\",\"name\":\"Spark Radiance\",\"url\":\"https:\/\/www.spark-radiance.eu\/de\/\",\"logo\":{\"@type\":\"ImageObject\",\"inLanguage\":\"de\",\"@id\":\"https:\/\/www.spark-radiance.eu\/de\/#\/schema\/logo\/image\/\",\"url\":\"https:\/\/www.spark-radiance.eu\/wp-content\/uploads\/2019\/12\/Spark_Radiance_Color_AI-01-1.svg\",\"contentUrl\":\"https:\/\/www.spark-radiance.eu\/wp-content\/uploads\/2019\/12\/Spark_Radiance_Color_AI-01-1.svg\",\"caption\":\"Spark Radiance\"},\"image\":{\"@id\":\"https:\/\/www.spark-radiance.eu\/de\/#\/schema\/logo\/image\/\"}}]}<\/script>\n<!-- \/ Yoast SEO plugin. -->","yoast_head_json":{"title":"Impressum - Spark Radiance","robots":{"index":"index","follow":"follow","max-snippet":"max-snippet:-1","max-image-preview":"max-image-preview:large","max-video-preview":"max-video-preview:-1"},"canonical":"https:\/\/www.spark-radiance.eu\/de\/impressum\/","og_locale":"de_DE","og_type":"article","og_title":"Impressum - Spark Radiance","og_description":"Verantwortlich f\u00fcrdiese Seite ist Spark Radiance GmbH Name und Anschrift: Spark Radiance GmbHHans-G\u00fcntner-Stra\u00dfe 2-682256 F\u00fcrstenfeldbruck Telefon: +49 8141 242-400E-Mail:\u00a0info@spark-radiance.eu Sitz der Gesellschaft : F\u00fcrstenfeldbruckHandelsregisternummer: HRB 245816Umsatzsteueridentifikationsnummer: DE322139861Gesch\u00e4ftsf\u00fchrer: Michael Freiherr Zus\u00e4tzliche VerantwortungFirma S.C. Spark Radiance S.R.L \u00a0 Name und Anschrift: S.C. Spark Radiance S.R.L\u0218elimb\u0103rului Street, no. 20, Cisn\u0103die,Sibiu County, Rum\u00e4nien E-Mail:\u00a0office@spark-radiance.com Sitz der Gesellschaft : Cisn\u0103die, [&hellip;]","og_url":"https:\/\/www.spark-radiance.eu\/de\/impressum\/","og_site_name":"Spark Radiance","article_modified_time":"2025-02-13T08:43:11+00:00","twitter_card":"summary_large_image","twitter_misc":{"Gesch\u00e4tzte Lesezeit":"1\u00a0Minute"},"schema":{"@context":"https:\/\/schema.org","@graph":[{"@type":"WebPage","@id":"https:\/\/www.spark-radiance.eu\/de\/impressum\/","url":"https:\/\/www.spark-radiance.eu\/de\/impressum\/","name":"Impressum - Spark Radiance","isPartOf":{"@id":"https:\/\/www.spark-radiance.eu\/de\/#website"},"primaryImageOfPage":{"@id":"https:\/\/www.spark-radiance.eu\/de\/impressum\/#primaryimage"},"image":{"@id":"https:\/\/www.spark-radiance.eu\/de\/impressum\/#primaryimage"},"thumbnailUrl":"https:\/\/www.spark-radiance.eu\/wp-content\/uploads\/2019\/12\/Spark_Radiance_White_AI_2.svg","datePublished":"2019-06-05T09:23:59+00:00","dateModified":"2025-02-13T08:43:11+00:00","breadcrumb":{"@id":"https:\/\/www.spark-radiance.eu\/de\/impressum\/#breadcrumb"},"inLanguage":"de","potentialAction":[{"@type":"ReadAction","target":["https:\/\/www.spark-radiance.eu\/de\/impressum\/"]}]},{"@type":"ImageObject","inLanguage":"de","@id":"https:\/\/www.spark-radiance.eu\/de\/impressum\/#primaryimage","url":"https:\/\/www.spark-radiance.eu\/wp-content\/uploads\/2019\/12\/Spark_Radiance_White_AI_2.svg","contentUrl":"https:\/\/www.spark-radiance.eu\/wp-content\/uploads\/2019\/12\/Spark_Radiance_White_AI_2.svg"},{"@type":"BreadcrumbList","@id":"https:\/\/www.spark-radiance.eu\/de\/impressum\/#breadcrumb","itemListElement":[{"@type":"ListItem","position":1,"name":"Startseite","item":"https:\/\/www.spark-radiance.eu\/"},{"@type":"ListItem","position":2,"name":"Impressum"}]},{"@type":"WebSite","@id":"https:\/\/www.spark-radiance.eu\/de\/#website","url":"https:\/\/www.spark-radiance.eu\/de\/","name":"Spark Radiance","description":"Digitale Innovationsschmiede der G\u00fcntner Gruppe","publisher":{"@id":"https:\/\/www.spark-radiance.eu\/de\/#organization"},"potentialAction":[{"@type":"SearchAction","target":{"@type":"EntryPoint","urlTemplate":"https:\/\/www.spark-radiance.eu\/de\/?s={search_term_string}"},"query-input":{"@type":"PropertyValueSpecification","valueRequired":true,"valueName":"search_term_string"}}],"inLanguage":"de"},{"@type":"Organization","@id":"https:\/\/www.spark-radiance.eu\/de\/#organization","name":"Spark Radiance","url":"https:\/\/www.spark-radiance.eu\/de\/","logo":{"@type":"ImageObject","inLanguage":"de","@id":"https:\/\/www.spark-radiance.eu\/de\/#\/schema\/logo\/image\/","url":"https:\/\/www.spark-radiance.eu\/wp-content\/uploads\/2019\/12\/Spark_Radiance_Color_AI-01-1.svg","contentUrl":"https:\/\/www.spark-radiance.eu\/wp-content\/uploads\/2019\/12\/Spark_Radiance_Color_AI-01-1.svg","caption":"Spark Radiance"},"image":{"@id":"https:\/\/www.spark-radiance.eu\/de\/#\/schema\/logo\/image\/"}}]}},"_links":{"self":[{"href":"https:\/\/www.spark-radiance.eu\/de\/wp-json\/wp\/v2\/pages\/468"}],"collection":[{"href":"https:\/\/www.spark-radiance.eu\/de\/wp-json\/wp\/v2\/pages"}],"about":[{"href":"https:\/\/www.spark-radiance.eu\/de\/wp-json\/wp\/v2\/types\/page"}],"author":[{"embeddable":true,"href":"https:\/\/www.spark-radiance.eu\/de\/wp-json\/wp\/v2\/users\/1"}],"replies":[{"embeddable":true,"href":"https:\/\/www.spark-radiance.eu\/de\/wp-json\/wp\/v2\/comments?post=468"}],"version-history":[{"count":55,"href":"https:\/\/www.spark-radiance.eu\/de\/wp-json\/wp\/v2\/pages\/468\/revisions"}],"predecessor-version":[{"id":3763,"href":"https:\/\/www.spark-radiance.eu\/de\/wp-json\/wp\/v2\/pages\/468\/revisions\/3763"}],"wp:attachment":[{"href":"https:\/\/www.spark-radiance.eu\/de\/wp-json\/wp\/v2\/media?parent=468"}],"curies":[{"name":"wp","href":"https:\/\/api.w.org\/{rel}","templated":true}]}}